{"id":1083,"date":"2023-05-16T01:33:01","date_gmt":"2023-05-15T20:33:01","guid":{"rendered":"https:\/\/impoergil.com\/?page_id=1083"},"modified":"2023-05-29T21:15:49","modified_gmt":"2023-05-29T16:15:49","slug":"servicios","status":"publish","type":"page","link":"https:\/\/impoergil.com\/?page_id=1083","title":{"rendered":"Servicios"},"content":{"rendered":"<p><strong>SERVICIO DE MAQUILA<\/strong><\/p>\n<p><span style=\"vertical-align: inherit;\">IMPORTADORA Y DISTRIBUIDORA ERGIL SAS es la<\/span>\u00a0mejor opci\u00f3n para dar forma y materializar tu sue\u00f1o, creando esponjas con tu <strong>marca propia <\/strong>a trav\u00e9s de nuestro servicio de maquila para empresas, distribuidores o emprendedores de art\u00edculos para el aseo. Le fabricamos las esponjas tejida multiuso y de acero inoxidable a los mejores precios que le dejaran un muy buen margen para su distribuci\u00f3n; gracias a nuestra infraestructura log\u00edstica y tecnol\u00f3gica que nos permite satisfacer a nuestros clientes en tiempos record y con los mayores est\u00e1ndares de calidad.<\/p>\n<p><img loading=\"lazy\" decoding=\"async\" class=\"aligncenter wp-image-1120\" src=\"https:\/\/impoergil.com\/wp-content\/uploads\/2023\/05\/FOT_1903_R-2-1024x635.jpg\" alt=\"Maquila de esponjas colombia\" width=\"645\" height=\"400\" srcset=\"https:\/\/impoergil.com\/wp-content\/uploads\/2023\/05\/FOT_1903_R-2-1024x635.jpg 1024w, https:\/\/impoergil.com\/wp-content\/uploads\/2023\/05\/FOT_1903_R-2-300x186.jpg 300w, https:\/\/impoergil.com\/wp-content\/uploads\/2023\/05\/FOT_1903_R-2-768x476.jpg 768w, https:\/\/impoergil.com\/wp-content\/uploads\/2023\/05\/FOT_1903_R-2-1536x952.jpg 1536w, https:\/\/impoergil.com\/wp-content\/uploads\/2023\/05\/FOT_1903_R-2-2048x1270.jpg 2048w\" sizes=\"auto, (max-width: 645px) 100vw, 645px\" \/><\/p>\n<p><strong>SERVICIO DE MARCA PROPIA.<\/strong><\/p>\n<p>Ofrecemos un servicio de <strong>marca propia <\/strong>de nuestra l\u00ednea de importados, gracias a nuestras alianzas comerciales con las mejores f\u00e1bricas en el exterior.<\/p>\n<p><img loading=\"lazy\" decoding=\"async\" class=\"aligncenter wp-image-1159\" src=\"https:\/\/impoergil.com\/wp-content\/uploads\/2023\/05\/Ergil_importadora_Comercializadora-1024x624.jpg\" alt=\"\" width=\"656\" height=\"400\" srcset=\"https:\/\/impoergil.com\/wp-content\/uploads\/2023\/05\/Ergil_importadora_Comercializadora-1024x624.jpg 1024w, https:\/\/impoergil.com\/wp-content\/uploads\/2023\/05\/Ergil_importadora_Comercializadora-300x183.jpg 300w, https:\/\/impoergil.com\/wp-content\/uploads\/2023\/05\/Ergil_importadora_Comercializadora-768x468.jpg 768w, https:\/\/impoergil.com\/wp-content\/uploads\/2023\/05\/Ergil_importadora_Comercializadora-1536x937.jpg 1536w, https:\/\/impoergil.com\/wp-content\/uploads\/2023\/05\/Ergil_importadora_Comercializadora-2048x1249.jpg 2048w\" sizes=\"auto, (max-width: 656px) 100vw, 656px\" \/><\/p>\n","protected":false},"excerpt":{"rendered":"<p>SERVICIO DE MAQUILA IMPORTADORA Y DISTRIBUIDORA ERGIL SAS es la\u00a0mejor opci\u00f3n para dar forma y materializar tu sue\u00f1o, creando esponjas con tu marca propia a trav\u00e9s de nuestro servicio de maquila para empresas, distribuidores o emprendedores de art\u00edculos para el aseo. Le fabricamos las esponjas tejida multiuso y de acero inoxidable a los mejores precios&#8230;<\/p>\n","protected":false},"author":1,"featured_media":0,"parent":0,"menu_order":0,"comment_status":"closed","ping_status":"closed","template":"","meta":{"_kad_post_transparent":"default","_kad_post_title":"default","_kad_post_layout":"default","_kad_post_sidebar_id":"","_kad_post_content_style":"default","_kad_post_vertical_padding":"default","_kad_post_feature":"","_kad_post_feature_position":"","_kad_post_header":false,"_kad_post_footer":false,"_kad_post_classname":"","footnotes":""},"class_list":["post-1083","page","type-page","status-publish","hentry"],"aioseo_notices":[],"_links":{"self":[{"href":"https:\/\/impoergil.com\/index.php?rest_route=\/wp\/v2\/pages\/1083","targetHints":{"allow":["GET"]}}],"collection":[{"href":"https:\/\/impoergil.com\/index.php?rest_route=\/wp\/v2\/pages"}],"about":[{"href":"https:\/\/impoergil.com\/index.php?rest_route=\/wp\/v2\/types\/page"}],"author":[{"embeddable":true,"href":"https:\/\/impoergil.com\/index.php?rest_route=\/wp\/v2\/users\/1"}],"replies":[{"embeddable":true,"href":"https:\/\/impoergil.com\/index.php?rest_route=%2Fwp%2Fv2%2Fcomments&post=1083"}],"version-history":[{"count":14,"href":"https:\/\/impoergil.com\/index.php?rest_route=\/wp\/v2\/pages\/1083\/revisions"}],"predecessor-version":[{"id":1161,"href":"https:\/\/impoergil.com\/index.php?rest_route=\/wp\/v2\/pages\/1083\/revisions\/1161"}],"wp:attachment":[{"href":"https:\/\/impoergil.com\/index.php?rest_route=%2Fwp%2Fv2%2Fmedia&parent=1083"}],"curies":[{"name":"wp","href":"https:\/\/api.w.org\/{rel}","templated":true}]}}