{"id":752,"date":"2023-05-15T15:00:02","date_gmt":"2023-05-15T10:00:02","guid":{"rendered":"https:\/\/impoergil.com\/?page_id=752"},"modified":"2023-07-19T03:11:32","modified_gmt":"2023-07-18T22:11:32","slug":"somos","status":"publish","type":"page","link":"https:\/\/impoergil.com\/?page_id=752","title":{"rendered":"Somos"},"content":{"rendered":"\r\n<p><img loading=\"lazy\" decoding=\"async\" class=\"aligncenter wp-image-1062 size-medium\" src=\"https:\/\/impoergil.com\/wp-content\/uploads\/2023\/05\/cropped-Logo_Ergil_2023-300x130.png\" alt=\"Logo_Ergil_2023\" width=\"300\" height=\"130\" srcset=\"https:\/\/impoergil.com\/wp-content\/uploads\/2023\/05\/cropped-Logo_Ergil_2023-300x130.png 300w, https:\/\/impoergil.com\/wp-content\/uploads\/2023\/05\/cropped-Logo_Ergil_2023.png 590w\" sizes=\"auto, (max-width: 300px) 100vw, 300px\" \/><\/p>\r\n<p><span style=\"vertical-align: inherit;\"><span style=\"vertical-align: inherit;\"><strong><span style=\"vertical-align: inherit;\"><span style=\"vertical-align: inherit;\"><span style=\"vertical-align: inherit;\"><span style=\"vertical-align: inherit;\"><span style=\"vertical-align: inherit;\"><span style=\"vertical-align: inherit;\"><span style=\"vertical-align: inherit;\"><span style=\"vertical-align: inherit;\"><span style=\"vertical-align: inherit;\"><span style=\"vertical-align: inherit;\"><span style=\"vertical-align: inherit;\"><span style=\"vertical-align: inherit;\"><span style=\"vertical-align: inherit;\"><span style=\"vertical-align: inherit;\">IMPORTADORA Y DISTRIBUIDORA ERGIL SAS,<\/span><\/span><\/span><\/span><\/span><\/span><\/span><\/span><\/span><\/span><\/span><\/span><\/span><\/span><\/strong><span style=\"vertical-align: inherit;\"><span style=\"vertical-align: inherit;\"><span style=\"vertical-align: inherit;\"><span style=\"vertical-align: inherit;\"><span style=\"vertical-align: inherit;\"><span style=\"vertical-align: inherit;\"><span style=\"vertical-align: inherit;\"><span style=\"vertical-align: inherit;\"><span style=\"vertical-align: inherit;\"><span style=\"vertical-align: inherit;\"><span style=\"vertical-align: inherit;\"><span style=\"vertical-align: inherit;\"><span style=\"vertical-align: inherit;\"><span style=\"vertical-align: inherit;\"> es una empresa cale\u00f1a con 11 a\u00f1os en el mercado colombiano, dedicada a la fabricaci\u00f3n de esponjas y la comercializaci\u00f3n, distribuci\u00f3n de otros productos para el aseo, hogar, cacharrer\u00eda, papeler\u00eda en toda Colombia.<\/span><\/span><\/span><\/span><\/span><\/span><\/span><\/span><\/span><\/span><\/span><\/span><\/span><\/span><\/span><\/span><\/p>\r\n<p><iframe loading=\"lazy\" title=\"IMPORTADORA ERGIL SAS - JUNIO 2023\" width=\"720\" height=\"405\" src=\"https:\/\/www.youtube.com\/embed\/SeUR5dBor60?feature=oembed\" frameborder=\"0\" allow=\"accelerometer; autoplay; clipboard-write; encrypted-media; gyroscope; picture-in-picture; web-share\" allowfullscreen><\/iframe><\/p>\r\n<p><strong><span style=\"vertical-align: inherit;\"><span style=\"vertical-align: inherit;\"><span style=\"vertical-align: inherit;\"><span style=\"vertical-align: inherit;\"><span style=\"vertical-align: inherit;\"><span style=\"vertical-align: inherit;\"><span style=\"vertical-align: inherit;\"><span style=\"vertical-align: inherit;\"><span style=\"vertical-align: inherit;\"><span style=\"vertical-align: inherit;\"><span style=\"vertical-align: inherit;\"><span style=\"vertical-align: inherit;\"><span style=\"vertical-align: inherit;\"><span style=\"vertical-align: inherit;\"><span style=\"vertical-align: inherit;\"><span style=\"vertical-align: inherit;\"><span style=\"vertical-align: inherit;\"><span style=\"vertical-align: inherit;\">Misi\u00f3n<\/span><\/span><\/span><\/span><\/span><\/span><\/span><\/span><\/span><\/span><\/span><\/span><\/span><\/span><\/span><\/span><\/span><\/span><\/strong><br \/><span style=\"vertical-align: inherit;\"><span style=\"vertical-align: inherit;\"><span style=\"vertical-align: inherit;\"><span style=\"vertical-align: inherit;\"><span style=\"vertical-align: inherit;\"><span style=\"vertical-align: inherit;\"><span style=\"vertical-align: inherit;\"><span style=\"vertical-align: inherit;\"><span style=\"vertical-align: inherit;\"><span style=\"vertical-align: inherit;\"><span style=\"vertical-align: inherit;\"><span style=\"vertical-align: inherit;\"><span style=\"vertical-align: inherit;\"><span style=\"vertical-align: inherit;\"><span style=\"vertical-align: inherit;\"><span style=\"vertical-align: inherit;\"><span style=\"vertical-align: inherit;\"><span style=\"vertical-align: inherit;\"> Somos los aliados de su empresa fabricando, importando y comercializando oportunamente productos de la mejor calidad, rotaci\u00f3n y rentabilidad destinados a la industria y el hogar.<\/span><\/span><\/span><\/span><\/span><\/span><\/span><\/span><\/span><\/span><\/span><\/span><\/span><\/span><\/span><\/span><\/span><\/span><\/p>\r\n\r\n\r\n\r\n<p><strong><span style=\"vertical-align: inherit;\"><span style=\"vertical-align: inherit;\"><span style=\"vertical-align: inherit;\"><span style=\"vertical-align: inherit;\"><span style=\"vertical-align: inherit;\"><span style=\"vertical-align: inherit;\"><span style=\"vertical-align: inherit;\"><span style=\"vertical-align: inherit;\"><span style=\"vertical-align: inherit;\"><span style=\"vertical-align: inherit;\"><span style=\"vertical-align: inherit;\"><span style=\"vertical-align: inherit;\"><span style=\"vertical-align: inherit;\"><span style=\"vertical-align: inherit;\"><span style=\"vertical-align: inherit;\"><span style=\"vertical-align: inherit;\"><span style=\"vertical-align: inherit;\"><span style=\"vertical-align: inherit;\">Visi\u00f3n<\/span><\/span><\/span><\/span><\/span><\/span><\/span><\/span><\/span><\/span><\/span><\/span><\/span><\/span><\/span><\/span><\/span><\/span><\/strong><br \/><span style=\"vertical-align: inherit;\"><span style=\"vertical-align: inherit;\"><span style=\"vertical-align: inherit;\"><span style=\"vertical-align: inherit;\"><span style=\"vertical-align: inherit;\"><span style=\"vertical-align: inherit;\"><span style=\"vertical-align: inherit;\"><span style=\"vertical-align: inherit;\"><span style=\"vertical-align: inherit;\"><span style=\"vertical-align: inherit;\"><span style=\"vertical-align: inherit;\"><span style=\"vertical-align: inherit;\"><span style=\"vertical-align: inherit;\"><span style=\"vertical-align: inherit;\"><span style=\"vertical-align: inherit;\"><span style=\"vertical-align: inherit;\"><span style=\"vertical-align: inherit;\"><span style=\"vertical-align: inherit;\"> Mejorar continuamente para ser el mejor aliado de su empresa, expandi\u00e9ndonos sosteniblemente por las regiones de Colombia y LATAM.<\/span><\/span><\/span><\/span><\/span><\/span><\/span><\/span><\/span><\/span><\/span><\/span><\/span><\/span><\/span><\/span><\/span><\/span><\/p>\r\n<p><img loading=\"lazy\" decoding=\"async\" class=\"aligncenter size-full wp-image-1143\" src=\"https:\/\/impoergil.com\/wp-content\/uploads\/2023\/05\/Personal_Ergil_Mayo_2023_3.jpg\" alt=\"Personal_Ergil_Mayo_2023_3\" width=\"859\" height=\"412\" srcset=\"https:\/\/impoergil.com\/wp-content\/uploads\/2023\/05\/Personal_Ergil_Mayo_2023_3.jpg 859w, https:\/\/impoergil.com\/wp-content\/uploads\/2023\/05\/Personal_Ergil_Mayo_2023_3-300x144.jpg 300w, https:\/\/impoergil.com\/wp-content\/uploads\/2023\/05\/Personal_Ergil_Mayo_2023_3-768x368.jpg 768w\" sizes=\"auto, (max-width: 859px) 100vw, 859px\" \/><\/p>\r\n<p>&nbsp;<\/p>\r\n<p>&nbsp;<\/p>\r\n<p><strong><span style=\"vertical-align: inherit;\"><span style=\"vertical-align: inherit;\"><span style=\"vertical-align: inherit;\"><span style=\"vertical-align: inherit;\"><span style=\"vertical-align: inherit;\"><span style=\"vertical-align: inherit;\">HISTORIA\u00a0<\/span><\/span><\/span><\/span><\/span><\/span><\/strong><\/p>\r\n<p><span style=\"vertical-align: inherit;\"><span style=\"vertical-align: inherit;\"><span style=\"vertical-align: inherit;\"><span style=\"vertical-align: inherit;\">Con la visi\u00f3n empresarial de los comerciantes y empresarios Edwin Ram\u00f3n Giraldo L\u00f3pez y Edwin Dom\u00ednguez Guzm\u00e1n fundan la empresa Importadora y Distribuidora Ergil SAS con la sigla IMPOERGIL SAS, el d\u00eda 4 de septiembre del a\u00f1o 2012 con el objeto de importar, exportar, fabricar, distribuir y vender productos de cacharrer\u00eda, papeler\u00eda, aseo y hogar, consolidando las marcas registradas COLIBRI \u00ae , MAGIC CLEAN <\/span><\/span><\/span><\/span><sup><span style=\"vertical-align: inherit;\"><span style=\"vertical-align: inherit;\"><span style=\"vertical-align: inherit;\"><span style=\"vertical-align: inherit;\">\u00ae<\/span><\/span><\/span><\/span><\/sup><span style=\"vertical-align: inherit;\"><span style=\"vertical-align: inherit;\"><span style=\"vertical-align: inherit;\"><span style=\"vertical-align: inherit;\"> , <\/span><\/span><\/span><\/span><sup><span style=\"vertical-align: inherit;\"><span style=\"vertical-align: inherit;\"><span style=\"vertical-align: inherit;\"><span style=\"vertical-align: inherit;\">GLUEX<\/span><\/span><\/span><\/span><\/sup><span style=\"vertical-align: inherit;\"><span style=\"vertical-align: inherit;\"><span style=\"vertical-align: inherit;\"><span style=\"vertical-align: inherit;\"> \u00ae <\/span><\/span><\/span><\/span><sup><span style=\"vertical-align: inherit;\"><span style=\"vertical-align: inherit;\"><span style=\"vertical-align: inherit;\"><span style=\"vertical-align: inherit;\">,<\/span><\/span><\/span><\/span><\/sup><span style=\"vertical-align: inherit;\"><span style=\"vertical-align: inherit;\"><span style=\"vertical-align: inherit;\"><span style=\"vertical-align: inherit;\"> MUNDIAL <\/span><\/span><\/span><\/span><sup><span style=\"vertical-align: inherit;\"><span style=\"vertical-align: inherit;\"><span style=\"vertical-align: inherit;\"><span style=\"vertical-align: inherit;\">\u00ae<\/span><\/span><\/span><\/span><\/sup><\/p>\r\n<p><img loading=\"lazy\" decoding=\"async\" class=\"wp-image-1131 size-medium alignleft\" src=\"https:\/\/impoergil.com\/wp-content\/uploads\/2023\/05\/SILICONA_COLIBRI_COLOMBIA-300x300.jpg\" alt=\"\" width=\"300\" height=\"300\" srcset=\"https:\/\/impoergil.com\/wp-content\/uploads\/2023\/05\/SILICONA_COLIBRI_COLOMBIA-300x300.jpg 300w, https:\/\/impoergil.com\/wp-content\/uploads\/2023\/05\/SILICONA_COLIBRI_COLOMBIA-1024x1024.jpg 1024w, https:\/\/impoergil.com\/wp-content\/uploads\/2023\/05\/SILICONA_COLIBRI_COLOMBIA-150x150.jpg 150w, https:\/\/impoergil.com\/wp-content\/uploads\/2023\/05\/SILICONA_COLIBRI_COLOMBIA-768x768.jpg 768w, https:\/\/impoergil.com\/wp-content\/uploads\/2023\/05\/SILICONA_COLIBRI_COLOMBIA-1536x1536.jpg 1536w, https:\/\/impoergil.com\/wp-content\/uploads\/2023\/05\/SILICONA_COLIBRI_COLOMBIA-2048x2048.jpg 2048w\" sizes=\"auto, (max-width: 300px) 100vw, 300px\" \/><img loading=\"lazy\" decoding=\"async\" class=\"wp-image-1130  alignleft\" src=\"https:\/\/impoergil.com\/wp-content\/uploads\/2023\/05\/PEGANTE_GLUEX_COLOMBIA-1-300x289.jpg\" alt=\"\" width=\"313\" height=\"302\" srcset=\"https:\/\/impoergil.com\/wp-content\/uploads\/2023\/05\/PEGANTE_GLUEX_COLOMBIA-1-300x289.jpg 300w, https:\/\/impoergil.com\/wp-content\/uploads\/2023\/05\/PEGANTE_GLUEX_COLOMBIA-1-1024x985.jpg 1024w, https:\/\/impoergil.com\/wp-content\/uploads\/2023\/05\/PEGANTE_GLUEX_COLOMBIA-1-768x739.jpg 768w, https:\/\/impoergil.com\/wp-content\/uploads\/2023\/05\/PEGANTE_GLUEX_COLOMBIA-1-1536x1478.jpg 1536w, https:\/\/impoergil.com\/wp-content\/uploads\/2023\/05\/PEGANTE_GLUEX_COLOMBIA-1-2048x1971.jpg 2048w\" sizes=\"auto, (max-width: 313px) 100vw, 313px\" \/><\/p>\r\n<p><span style=\"vertical-align: inherit;\"><span style=\"vertical-align: inherit;\"><span style=\"vertical-align: inherit;\"><span style=\"vertical-align: inherit;\"><span style=\"vertical-align: inherit;\">Al a\u00f1o 2014, Se<\/span><\/span><\/span><span style=\"vertical-align: inherit;\"><span style=\"vertical-align: inherit;\"> Inicia la fabricaci\u00f3n de la esponjilla tejida multiusos marca COLIBRI <\/span><\/span><\/span><\/span><sup><span style=\"vertical-align: inherit;\"><span style=\"vertical-align: inherit;\"><span style=\"vertical-align: inherit;\"><span style=\"vertical-align: inherit;\">\u00ae<\/span><\/span><\/span><\/span><\/sup><span style=\"vertical-align: inherit;\"><span style=\"vertical-align: inherit;\"><span style=\"vertical-align: inherit;\"><span style=\"vertical-align: inherit;\"> , cumpliendo con altos est\u00e1ndares de calidad; <\/span><\/span><\/span><span style=\"vertical-align: inherit;\"><span style=\"vertical-align: inherit;\"><span style=\"vertical-align: inherit;\">con el dise\u00f1o y elaboraci\u00f3n de maquinaria propia utilizando tecnolog\u00eda de punta. <\/span><span style=\"vertical-align: inherit;\">En el <\/span><\/span><\/span><\/span><span style=\"vertical-align: inherit;\"><span style=\"vertical-align: inherit;\"><span style=\"vertical-align: inherit;\"><span style=\"vertical-align: inherit;\">a\u00f1o 2020, se <\/span><\/span><\/span><\/span><span style=\"vertical-align: inherit;\"><span style=\"vertical-align: inherit;\"><span style=\"vertical-align: inherit;\"><span style=\"vertical-align: inherit;\">realiza el montaje y puesta en marcha de la l\u00ednea de producci\u00f3n y empacado de la esponjilla de acero inoxidable marca COLIBRI <\/span><\/span><\/span><\/span><sup><span style=\"vertical-align: inherit;\"><span style=\"vertical-align: inherit;\"><span style=\"vertical-align: inherit;\"><span style=\"vertical-align: inherit;\">\u00ae<\/span><\/span><\/span><\/span><\/sup><span style=\"vertical-align: inherit;\"><span style=\"vertical-align: inherit;\"><span style=\"vertical-align: inherit;\"><span style=\"vertical-align: inherit;\"> \u00a0 y al <\/span><\/span><\/span><\/span><span style=\"vertical-align: inherit;\"><span style=\"vertical-align: inherit;\"><span style=\"vertical-align: inherit;\"><span style=\"vertical-align: inherit;\">a\u00f1o 2022, se <\/span><\/span><\/span><\/span><span style=\"vertical-align: inherit;\"><span style=\"vertical-align: inherit;\"><span style=\"vertical-align: inherit;\"><span style=\"vertical-align: inherit;\">comienza con el plan de internacionalizaci\u00f3n de la Compa\u00f1\u00eda en sus productos de esponjillas tejidas multiusos y de acero inoxidable marca COLIBRI <\/span><\/span><\/span><\/span><sup><span style=\"vertical-align: inherit;\"><span style=\"vertical-align: inherit;\"><span style=\"vertical-align: inherit;\"><span style=\"vertical-align: inherit;\">\u00ae<\/span><\/span><\/span><\/span><\/sup><span style=\"vertical-align: inherit;\"><span style=\"vertical-align: inherit;\"><span style=\"vertical-align: inherit;\"><span style=\"vertical-align: inherit;\"> , con el objetivo de llegar a los mercados latinoamericanos.<\/span><\/span><\/span><\/span><\/p>\r\n<p>&nbsp;<\/p>\r\n<p><strong><span style=\"vertical-align: inherit;\"><span style=\"vertical-align: inherit;\"><span style=\"vertical-align: inherit;\"><span style=\"vertical-align: inherit;\"><span style=\"vertical-align: inherit;\"><span style=\"vertical-align: inherit;\"><span style=\"vertical-align: inherit;\"><span style=\"vertical-align: inherit;\"><span style=\"vertical-align: inherit;\"><span style=\"vertical-align: inherit;\"><span style=\"vertical-align: inherit;\"><span style=\"vertical-align: inherit;\">VALORES CORPORATIVOS:<\/span><\/span><\/span><\/span><\/span><\/span><\/span><\/span><\/span><\/span><\/span><\/span><\/strong><\/p>\r\n<p><a href=\"https:\/\/impoergil.com\/wp-content\/uploads\/2023\/05\/servicio_maquila_ergil_Importadora-scaled.jpg\"><img loading=\"lazy\" decoding=\"async\" class=\"aligncenter wp-image-1157\" src=\"https:\/\/impoergil.com\/wp-content\/uploads\/2023\/05\/servicio_maquila_ergil_Importadora-1024x666.jpg\" alt=\"servicio_maquila_ergil_Importadora\" width=\"615\" height=\"400\" srcset=\"https:\/\/impoergil.com\/wp-content\/uploads\/2023\/05\/servicio_maquila_ergil_Importadora-1024x666.jpg 1024w, https:\/\/impoergil.com\/wp-content\/uploads\/2023\/05\/servicio_maquila_ergil_Importadora-300x195.jpg 300w, https:\/\/impoergil.com\/wp-content\/uploads\/2023\/05\/servicio_maquila_ergil_Importadora-768x500.jpg 768w, https:\/\/impoergil.com\/wp-content\/uploads\/2023\/05\/servicio_maquila_ergil_Importadora-1536x999.jpg 1536w, https:\/\/impoergil.com\/wp-content\/uploads\/2023\/05\/servicio_maquila_ergil_Importadora-2048x1333.jpg 2048w\" sizes=\"auto, (max-width: 615px) 100vw, 615px\" \/><\/a><\/p>\r\n<p><strong style=\"font-family: var(--global-body-font-family);\"><span style=\"vertical-align: inherit;\"><span style=\"vertical-align: inherit;\">1.ORIENTACI\u00d3N AL CLIENTE.<\/span><\/span><\/strong><\/p>\r\n<p><span style=\"vertical-align: inherit;\"><span style=\"vertical-align: inherit;\"><span style=\"vertical-align: inherit;\"><span style=\"vertical-align: inherit;\">Damos prioridad al consumidor. <\/span><\/span><\/span><span style=\"vertical-align: inherit;\"><span style=\"vertical-align: inherit;\"><span style=\"vertical-align: inherit;\">Tomamos decisiones teniendo en cuenta sus necesidades y haciendo un esfuerzo por ofrecer una grata experiencia.<\/span><\/span><\/span><\/span><\/p>\r\n<p><strong style=\"font-family: var(--global-body-font-family);\"><span style=\"vertical-align: inherit;\"><span style=\"vertical-align: inherit;\"><span style=\"vertical-align: inherit;\"><span style=\"vertical-align: inherit;\">2.RESPETO.<\/span><\/span><\/span><\/span><\/strong><\/p>\r\n<p><span style=\"vertical-align: inherit;\"><span style=\"vertical-align: inherit;\"><span style=\"vertical-align: inherit;\"><span style=\"vertical-align: inherit;\">Reconocemos la dignidad hacia la compa\u00f1\u00eda, los colaboradores y todos los actores que participan e interact\u00faan con la Empresa.<\/span><\/span><\/span><\/span><\/p>\r\n<p><strong style=\"font-family: var(--global-body-font-family);\"><span style=\"vertical-align: inherit;\"><span style=\"vertical-align: inherit;\"><span style=\"vertical-align: inherit;\"><span style=\"vertical-align: inherit;\">3.HONESTIDAD.<\/span><\/span><\/span><\/span><\/strong><\/p>\r\n<p><span style=\"vertical-align: inherit;\"><span style=\"vertical-align: inherit;\"><span style=\"vertical-align: inherit;\"><span style=\"vertical-align: inherit;\">Actuamos en nuestras acciones y decisiones de forma recta y honrada en funci\u00f3n de lo que se piensa, dice o siente.<\/span><\/span><\/span><\/span><\/p>\r\n<p><strong style=\"font-family: var(--global-body-font-family);\"><span style=\"vertical-align: inherit;\"><span style=\"vertical-align: inherit;\"><span style=\"vertical-align: inherit;\"><span style=\"vertical-align: inherit;\">4. TRABAJO EN EQUIPO.<\/span><\/span><\/span><\/span><\/strong><\/p>\r\n<p><span style=\"vertical-align: inherit;\"><span style=\"vertical-align: inherit;\"><span style=\"vertical-align: inherit;\"><span style=\"vertical-align: inherit;\">Efectuamos las tareas de manera coordinada que se complementan entre si y contribuyen al desarrollo de todos.<\/span><\/span><\/span><\/span><\/p>\r\n<p><strong style=\"font-family: var(--global-body-font-family);\"><span style=\"vertical-align: inherit;\"><span style=\"vertical-align: inherit;\"><span style=\"vertical-align: inherit;\"><span style=\"vertical-align: inherit;\">5. PROACTIVIDAD.<\/span><\/span><\/span><\/span><\/strong><\/p>\r\n<p><span style=\"vertical-align: inherit;\"><span style=\"vertical-align: inherit;\"><span style=\"vertical-align: inherit;\"><span style=\"vertical-align: inherit;\">Tenemos iniciativa para resolver los problemas y mejorar.<\/span><\/span><\/span><\/span><\/p>\r\n<p><strong style=\"font-family: var(--global-body-font-family);\"><span style=\"vertical-align: inherit;\"><span style=\"vertical-align: inherit;\"><span style=\"vertical-align: inherit;\"><span style=\"vertical-align: inherit;\">6. EMPATIA.<\/span><\/span><\/span><\/span><\/strong><\/p>\r\n<p><span style=\"vertical-align: inherit;\"><span style=\"vertical-align: inherit;\"><span style=\"vertical-align: inherit;\"><span style=\"vertical-align: inherit;\">Nos conectamos con los dem\u00e1s.<\/span><\/span><\/span><\/span><\/p>\r\n\r\n\r\n","protected":false},"excerpt":{"rendered":"<p>IMPORTADORA Y DISTRIBUIDORA ERGIL SAS, es una empresa cale\u00f1a con 11 a\u00f1os en el mercado colombiano, dedicada a la fabricaci\u00f3n de esponjas y la comercializaci\u00f3n, distribuci\u00f3n de otros productos para el aseo, hogar, cacharrer\u00eda, papeler\u00eda en toda Colombia. Misi\u00f3n Somos los aliados de su empresa fabricando, importando y comercializando oportunamente productos de la mejor calidad,&#8230;<\/p>\n","protected":false},"author":1,"featured_media":770,"parent":0,"menu_order":0,"comment_status":"closed","ping_status":"closed","template":"","meta":{"_kad_post_transparent":"default","_kad_post_title":"default","_kad_post_layout":"default","_kad_post_sidebar_id":"","_kad_post_content_style":"default","_kad_post_vertical_padding":"default","_kad_post_feature":"","_kad_post_feature_position":"","_kad_post_header":false,"_kad_post_footer":false,"_kad_post_classname":"","footnotes":""},"class_list":["post-752","page","type-page","status-publish","has-post-thumbnail","hentry"],"aioseo_notices":[],"_links":{"self":[{"href":"https:\/\/impoergil.com\/index.php?rest_route=\/wp\/v2\/pages\/752","targetHints":{"allow":["GET"]}}],"collection":[{"href":"https:\/\/impoergil.com\/index.php?rest_route=\/wp\/v2\/pages"}],"about":[{"href":"https:\/\/impoergil.com\/index.php?rest_route=\/wp\/v2\/types\/page"}],"author":[{"embeddable":true,"href":"https:\/\/impoergil.com\/index.php?rest_route=\/wp\/v2\/users\/1"}],"replies":[{"embeddable":true,"href":"https:\/\/impoergil.com\/index.php?rest_route=%2Fwp%2Fv2%2Fcomments&post=752"}],"version-history":[{"count":22,"href":"https:\/\/impoergil.com\/index.php?rest_route=\/wp\/v2\/pages\/752\/revisions"}],"predecessor-version":[{"id":1201,"href":"https:\/\/impoergil.com\/index.php?rest_route=\/wp\/v2\/pages\/752\/revisions\/1201"}],"wp:featuredmedia":[{"embeddable":true,"href":"https:\/\/impoergil.com\/index.php?rest_route=\/wp\/v2\/media\/770"}],"wp:attachment":[{"href":"https:\/\/impoergil.com\/index.php?rest_route=%2Fwp%2Fv2%2Fmedia&parent=752"}],"curies":[{"name":"wp","href":"https:\/\/api.w.org\/{rel}","templated":true}]}}