{"id":825,"date":"2023-05-15T15:00:51","date_gmt":"2023-05-15T10:00:51","guid":{"rendered":"https:\/\/impoergil.com\/?page_id=825"},"modified":"2023-05-29T21:39:21","modified_gmt":"2023-05-29T16:39:21","slug":"catalogo","status":"publish","type":"page","link":"https:\/\/impoergil.com\/?page_id=825","title":{"rendered":"Cat\u00e1logo"},"content":{"rendered":"<p>Descargue el cat\u00e1logo o la ficha t\u00e9cnica del producto de su inter\u00e9s:<\/p>\n<p><a href=\"https:\/\/impoergil.com\/wp-content\/uploads\/2023\/05\/CATALOGO_ERGIL-ASEO-HOGAR.pdf\"><img loading=\"lazy\" decoding=\"async\" class=\"aligncenter wp-image-1166\" src=\"https:\/\/impoergil.com\/wp-content\/uploads\/2023\/05\/descargar_Catalogo_Aseo_Hogar_ergil-1024x487.jpg\" alt=\"descargar_Catalogo_Aseo_Hogar_ergil\" width=\"631\" height=\"300\" srcset=\"https:\/\/impoergil.com\/wp-content\/uploads\/2023\/05\/descargar_Catalogo_Aseo_Hogar_ergil-1024x487.jpg 1024w, https:\/\/impoergil.com\/wp-content\/uploads\/2023\/05\/descargar_Catalogo_Aseo_Hogar_ergil-300x143.jpg 300w, https:\/\/impoergil.com\/wp-content\/uploads\/2023\/05\/descargar_Catalogo_Aseo_Hogar_ergil-768x365.jpg 768w, https:\/\/impoergil.com\/wp-content\/uploads\/2023\/05\/descargar_Catalogo_Aseo_Hogar_ergil-1536x731.jpg 1536w, https:\/\/impoergil.com\/wp-content\/uploads\/2023\/05\/descargar_Catalogo_Aseo_Hogar_ergil-2048x974.jpg 2048w\" sizes=\"auto, (max-width: 631px) 100vw, 631px\" \/><\/a><\/p>\n<p><a href=\"https:\/\/impoergil.com\/wp-content\/uploads\/2023\/05\/CATALOGO_ERGIL-PAPELERIA_2023.pdf\"><img loading=\"lazy\" decoding=\"async\" class=\"aligncenter wp-image-1162\" src=\"https:\/\/impoergil.com\/wp-content\/uploads\/2023\/05\/descargar_Catalogo_cacharreria_ergil-1024x489.jpg\" alt=\"descargar_Catalogo_cacharreria_ergil\" width=\"628\" height=\"300\" srcset=\"https:\/\/impoergil.com\/wp-content\/uploads\/2023\/05\/descargar_Catalogo_cacharreria_ergil-1024x489.jpg 1024w, https:\/\/impoergil.com\/wp-content\/uploads\/2023\/05\/descargar_Catalogo_cacharreria_ergil-300x143.jpg 300w, https:\/\/impoergil.com\/wp-content\/uploads\/2023\/05\/descargar_Catalogo_cacharreria_ergil-768x367.jpg 768w, https:\/\/impoergil.com\/wp-content\/uploads\/2023\/05\/descargar_Catalogo_cacharreria_ergil-1536x733.jpg 1536w, https:\/\/impoergil.com\/wp-content\/uploads\/2023\/05\/descargar_Catalogo_cacharreria_ergil-2048x977.jpg 2048w\" sizes=\"auto, (max-width: 628px) 100vw, 628px\" \/><\/a><\/p>\n<p><a href=\"https:\/\/impoergil.com\/wp-content\/uploads\/2023\/05\/CATALOGO_ERGIL-PAPELERIA_2023.pdf\"><img loading=\"lazy\" decoding=\"async\" class=\"aligncenter wp-image-1169\" src=\"https:\/\/impoergil.com\/wp-content\/uploads\/2023\/05\/descargar_Catalogo_Papeleria_ergil-1024x489.jpg\" alt=\"\" width=\"628\" height=\"300\" srcset=\"https:\/\/impoergil.com\/wp-content\/uploads\/2023\/05\/descargar_Catalogo_Papeleria_ergil-1024x489.jpg 1024w, https:\/\/impoergil.com\/wp-content\/uploads\/2023\/05\/descargar_Catalogo_Papeleria_ergil-300x143.jpg 300w, https:\/\/impoergil.com\/wp-content\/uploads\/2023\/05\/descargar_Catalogo_Papeleria_ergil-768x367.jpg 768w, https:\/\/impoergil.com\/wp-content\/uploads\/2023\/05\/descargar_Catalogo_Papeleria_ergil-1536x733.jpg 1536w, https:\/\/impoergil.com\/wp-content\/uploads\/2023\/05\/descargar_Catalogo_Papeleria_ergil-2048x977.jpg 2048w\" sizes=\"auto, (max-width: 628px) 100vw, 628px\" \/><\/a><\/p>\n<p>&nbsp;<\/p>\n","protected":false},"excerpt":{"rendered":"<p>Descargue el cat\u00e1logo o la ficha t\u00e9cnica del producto de su inter\u00e9s: &nbsp;<\/p>\n","protected":false},"author":1,"featured_media":897,"parent":0,"menu_order":0,"comment_status":"closed","ping_status":"closed","template":"","meta":{"_kad_post_transparent":"default","_kad_post_title":"default","_kad_post_layout":"default","_kad_post_sidebar_id":"","_kad_post_content_style":"default","_kad_post_vertical_padding":"default","_kad_post_feature":"","_kad_post_feature_position":"","_kad_post_header":false,"_kad_post_footer":false,"_kad_post_classname":"","footnotes":""},"class_list":["post-825","page","type-page","status-publish","has-post-thumbnail","hentry"],"aioseo_notices":[],"_links":{"self":[{"href":"https:\/\/impoergil.com\/index.php?rest_route=\/wp\/v2\/pages\/825","targetHints":{"allow":["GET"]}}],"collection":[{"href":"https:\/\/impoergil.com\/index.php?rest_route=\/wp\/v2\/pages"}],"about":[{"href":"https:\/\/impoergil.com\/index.php?rest_route=\/wp\/v2\/types\/page"}],"author":[{"embeddable":true,"href":"https:\/\/impoergil.com\/index.php?rest_route=\/wp\/v2\/users\/1"}],"replies":[{"embeddable":true,"href":"https:\/\/impoergil.com\/index.php?rest_route=%2Fwp%2Fv2%2Fcomments&post=825"}],"version-history":[{"count":12,"href":"https:\/\/impoergil.com\/index.php?rest_route=\/wp\/v2\/pages\/825\/revisions"}],"predecessor-version":[{"id":1173,"href":"https:\/\/impoergil.com\/index.php?rest_route=\/wp\/v2\/pages\/825\/revisions\/1173"}],"wp:featuredmedia":[{"embeddable":true,"href":"https:\/\/impoergil.com\/index.php?rest_route=\/wp\/v2\/media\/897"}],"wp:attachment":[{"href":"https:\/\/impoergil.com\/index.php?rest_route=%2Fwp%2Fv2%2Fmedia&parent=825"}],"curies":[{"name":"wp","href":"https:\/\/api.w.org\/{rel}","templated":true}]}}